{"id":505,"date":"2015-05-28T13:37:02","date_gmt":"2015-05-28T13:37:02","guid":{"rendered":"http:\/\/www.emmevisagl.ch\/?page_id=505"},"modified":"2015-05-28T13:37:02","modified_gmt":"2015-05-28T13:37:02","slug":"informativa-estesa","status":"publish","type":"page","link":"https:\/\/emmevicoperture.it\/?page_id=505","title":{"rendered":"Informativa estesa"},"content":{"rendered":"<p>Questo sito web si serve di cookie.<\/p>\n<p>I cookie sono stringhe di testo di piccole dimensioni che i siti visitati collocano all\u2019intemo di computer, telefoni o altri dispositivi, dove vengono memorizzati per essere poi ritrasmessi agli stessi siti alla successiva visita dell&#8217;utente.<\/p>\n<p>Nel corso della navigazione su un sito, l&#8217;utente pu\u00f2 ricevere sul suo terminale anche cookie che vengono inviati da siti o da web server diversi (c.d. &#8220;terze parti&#8221;), sui quali possono risiedere alcuni elementi (quali, ad esempio, immagini, mappe, suoni, specifici link a pagine di altri domini) presenti sul sito che lo stesso sta visitando.<\/p>\n<p>I cookie sono necessari per agevolare la navigazione e renderla pi\u00f9 semplice, non danneggiando in alcun modo il computer.<\/p>\n<p><strong><strong>\u00a0<\/strong><\/strong><\/p>\n<p>Noi utilizziamo questi\u00a0tipi di cookie :<\/p>\n<p><strong><strong>\u00a0<\/strong><\/strong><\/p>\n<p><span style=\"text-decoration: underline;\">Cookie tecnici<\/span><\/p>\n<p>Questi cookie garantiscono la normale navigazione e fruizione del sito web, permettendo, ad esempio, di realizzare un acquisto o autenticarsi per accedere alle aree riservate.<\/p>\n<p><strong><strong>\u00a0<\/strong><\/strong><\/p>\n<p><span style=\"text-decoration: underline;\">Cookie di analisi<\/span><\/p>\n<p>Usiamo i cookie di Google Analytics per quantificare il numero di utenti che visitano il nostro sito. Possiamo inoltre misurare e analizzare come i nostri utenti navigano nel nostro sito. Tali informazioni ci consentono di migliorare costantemente i nostri servizi e la tua esperienza.<\/p>\n<p>Per maggiori informazioni visita la pagina sulla privacy di Google Analytics.<\/p>\n<p><a href=\"http:\/\/www.google.com\/intl\/it_ALL\/analytics\/learn\/privacy.html\">http:\/\/www.google.com\/intl\/it_ALL\/analytics\/learn\/privacy.html<\/a><\/p>\n<p><strong><strong>\u00a0<\/strong><\/strong><\/p>\n<p><b>In nessun caso verranno raccolti dati di carattere personale. I cookie hanno un periodo di validit\u00e0 massimo di 2 anni.<\/b><\/p>\n<p><strong><strong>\u00a0<\/strong><\/strong><\/p>\n<p><b>Navigando nel nostro sito web, accetti che questi cookie vengano scaricati sul tuo dispositivo e che acquisiamo dei dati durante le tue visite future.<\/b><\/p>\n<p><strong><strong>\u00a0<\/strong><\/strong><\/p>\n<p>Le informazioni memorizzate nei cookie del nostro sito web sono usate esclusivamente da noi, ad eccezione di quelli raccolti da terze parti (google analytics).<\/p>\n<p><strong><strong>\u00a0<\/strong><\/strong><\/p>\n<p><span style=\"text-decoration: underline;\">E\u2019 possibile disattivare i cookies?<\/span><\/p>\n<p><strong><strong>\u00a0<\/strong><\/strong><\/p>\n<p>E possibile negare il consenso all&#8217;utilizzo dei cookie selezionando l&#8217;impostazione appropriata sul proprio browser: la navigazione non autenticata sul sito sar\u00e0 comunque disponibile in tutte le sue funzionalit\u00e0. Di seguito forniamo i link che spiegano come disabilitare i cookie per i browser pi\u00f9 diffusi (per altri browser eventualmente utilizzati suggeriamo di cercare questa opzione nell&#8217;help del software normalmente disponibile attraverso il tasto F1):<\/p>\n<p><strong><strong>\u00a0<\/strong><\/strong><\/p>\n<p>Internet Explorer:<\/p>\n<p><a href=\"http:\/\/windows.microsoft.com\/it-it\/windows-vista\/block-or-allow-cookies\" target=\"_blank\">http:\/\/windows.microsoft.com\/it-it\/windows-vista\/block-or-allow-cookies<\/a><\/p>\n<p><strong><strong>\u00a0<\/strong><\/strong><\/p>\n<p>Google Chrome:<\/p>\n<p><a href=\"https:\/\/support.google.com\/accounts\/answer\/61416?hl=it\" target=\"_blank\">https:\/\/support.google.com\/accounts\/answer\/61416?hl=it<\/a><\/p>\n<p><strong><strong>\u00a0<\/strong><\/strong><\/p>\n<p>Mozilla Firefox:<\/p>\n<p><a href=\"https:\/\/support.mozilla.org\/it\/kb\/Bloccare%20i%20cookie\" target=\"_blank\">https:\/\/support.mozilla.org\/it\/kb\/Bloccare%20i%20cookie<\/a><\/p>\n<p><strong><strong>\u00a0<\/strong><\/strong><\/p>\n<p>Apple Safari:<\/p>\n<p><a href=\"https:\/\/support.apple.com\/it-it\/HT201265\" target=\"_blank\">https:\/\/support.apple.com\/it-it\/HT201265<\/a><\/p>\n<p><strong><strong>\u00a0<\/strong><\/strong><\/p>\n<p>Opera:<\/p>\n<p><a href=\"http:\/\/www.opera.com\/browser\/tutorials\/security\/privacy\/\" target=\"_blank\">http:\/\/www.opera.com\/browser\/tutorials\/security\/privacy\/<\/a><\/p>\n<p><strong><strong>\u00a0<\/strong><\/strong><\/p>\n<p>Adobe (plug-in for flash cookies):<\/p>\n<p><a href=\"http:\/\/www.adobe.com\/security\/flashplayer\/articles\/lso\/\" target=\"_blank\">http:\/\/www.adobe.com\/security\/flashplayer\/articles\/lso\/<\/a><\/p>\n<p>&nbsp;<\/p>\n<p>&nbsp;<\/p>\n<p>In alternativa \u00e8 possibile disabilitare soltanto i cookie di Google Analytics, utilizzando il componente aggiuntivo di opt-out fornito da Google per i browser principali.<\/p>\n<p>Ricorda che eliminando i nostri cookie o disattivando cookie futuri potresti non accedere ad alcune sezioni o funzionalit\u00e0 del sito.<\/p>\n<p>&nbsp;<\/p>\n","protected":false},"excerpt":{"rendered":"<p>Questo sito web si serve di cookie. I cookie sono stringhe di testo di piccole dimensioni che i siti visitati &hellip; <a href=\"https:\/\/emmevicoperture.it\/?page_id=505\" class=\"more-link\">Continua a leggere <span class=\"screen-reader-text\">Informativa estesa<\/span><\/a><\/p>\n","protected":false},"author":2,"featured_media":0,"parent":0,"menu_order":0,"comment_status":"closed","ping_status":"closed","template":"","meta":{"footnotes":""},"class_list":["post-505","page","type-page","status-publish","hentry"],"yoast_head":"<!-- This site is optimized with the Yoast SEO plugin v25.4 - https:\/\/yoast.com\/wordpress\/plugins\/seo\/ -->\n<title>Informativa estesa - Emmevi<\/title>\n<meta name=\"robots\" content=\"index, follow, max-snippet:-1, max-image-preview:large, max-video-preview:-1\" \/>\n<link rel=\"canonical\" href=\"https:\/\/emmevicoperture.it\/?page_id=505\" \/>\n<meta property=\"og:locale\" content=\"it_IT\" \/>\n<meta property=\"og:type\" content=\"article\" \/>\n<meta property=\"og:title\" content=\"Informativa estesa - Emmevi\" \/>\n<meta property=\"og:description\" content=\"Questo sito web si serve di cookie. I cookie sono stringhe di testo di piccole dimensioni che i siti visitati &hellip; Continua a leggere Informativa estesa\" \/>\n<meta property=\"og:url\" content=\"https:\/\/emmevicoperture.it\/?page_id=505\" \/>\n<meta property=\"og:site_name\" content=\"Emmevi\" \/>\n<meta name=\"twitter:card\" content=\"summary_large_image\" \/>\n<meta name=\"twitter:label1\" content=\"Tempo di lettura stimato\" \/>\n\t<meta name=\"twitter:data1\" content=\"2 minuti\" \/>\n<script type=\"application\/ld+json\" class=\"yoast-schema-graph\">{\"@context\":\"https:\/\/schema.org\",\"@graph\":[{\"@type\":\"WebPage\",\"@id\":\"https:\/\/emmevicoperture.it\/?page_id=505\",\"url\":\"https:\/\/emmevicoperture.it\/?page_id=505\",\"name\":\"Informativa estesa - Emmevi\",\"isPartOf\":{\"@id\":\"https:\/\/emmevicoperture.it\/#website\"},\"datePublished\":\"2015-05-28T13:37:02+00:00\",\"breadcrumb\":{\"@id\":\"https:\/\/emmevicoperture.it\/?page_id=505#breadcrumb\"},\"inLanguage\":\"it-IT\",\"potentialAction\":[{\"@type\":\"ReadAction\",\"target\":[\"https:\/\/emmevicoperture.it\/?page_id=505\"]}]},{\"@type\":\"BreadcrumbList\",\"@id\":\"https:\/\/emmevicoperture.it\/?page_id=505#breadcrumb\",\"itemListElement\":[{\"@type\":\"ListItem\",\"position\":1,\"name\":\"Home\",\"item\":\"https:\/\/emmevicoperture.it\/\"},{\"@type\":\"ListItem\",\"position\":2,\"name\":\"Informativa estesa\"}]},{\"@type\":\"WebSite\",\"@id\":\"https:\/\/emmevicoperture.it\/#website\",\"url\":\"https:\/\/emmevicoperture.it\/\",\"name\":\"Emmevi\",\"description\":\"\",\"potentialAction\":[{\"@type\":\"SearchAction\",\"target\":{\"@type\":\"EntryPoint\",\"urlTemplate\":\"https:\/\/emmevicoperture.it\/?s={search_term_string}\"},\"query-input\":{\"@type\":\"PropertyValueSpecification\",\"valueRequired\":true,\"valueName\":\"search_term_string\"}}],\"inLanguage\":\"it-IT\"}]}<\/script>\n<!-- \/ Yoast SEO plugin. -->","yoast_head_json":{"title":"Informativa estesa - Emmevi","robots":{"index":"index","follow":"follow","max-snippet":"max-snippet:-1","max-image-preview":"max-image-preview:large","max-video-preview":"max-video-preview:-1"},"canonical":"https:\/\/emmevicoperture.it\/?page_id=505","og_locale":"it_IT","og_type":"article","og_title":"Informativa estesa - Emmevi","og_description":"Questo sito web si serve di cookie. I cookie sono stringhe di testo di piccole dimensioni che i siti visitati &hellip; Continua a leggere Informativa estesa","og_url":"https:\/\/emmevicoperture.it\/?page_id=505","og_site_name":"Emmevi","twitter_card":"summary_large_image","twitter_misc":{"Tempo di lettura stimato":"2 minuti"},"schema":{"@context":"https:\/\/schema.org","@graph":[{"@type":"WebPage","@id":"https:\/\/emmevicoperture.it\/?page_id=505","url":"https:\/\/emmevicoperture.it\/?page_id=505","name":"Informativa estesa - Emmevi","isPartOf":{"@id":"https:\/\/emmevicoperture.it\/#website"},"datePublished":"2015-05-28T13:37:02+00:00","breadcrumb":{"@id":"https:\/\/emmevicoperture.it\/?page_id=505#breadcrumb"},"inLanguage":"it-IT","potentialAction":[{"@type":"ReadAction","target":["https:\/\/emmevicoperture.it\/?page_id=505"]}]},{"@type":"BreadcrumbList","@id":"https:\/\/emmevicoperture.it\/?page_id=505#breadcrumb","itemListElement":[{"@type":"ListItem","position":1,"name":"Home","item":"https:\/\/emmevicoperture.it\/"},{"@type":"ListItem","position":2,"name":"Informativa estesa"}]},{"@type":"WebSite","@id":"https:\/\/emmevicoperture.it\/#website","url":"https:\/\/emmevicoperture.it\/","name":"Emmevi","description":"","potentialAction":[{"@type":"SearchAction","target":{"@type":"EntryPoint","urlTemplate":"https:\/\/emmevicoperture.it\/?s={search_term_string}"},"query-input":{"@type":"PropertyValueSpecification","valueRequired":true,"valueName":"search_term_string"}}],"inLanguage":"it-IT"}]}},"_links":{"self":[{"href":"https:\/\/emmevicoperture.it\/index.php?rest_route=\/wp\/v2\/pages\/505","targetHints":{"allow":["GET"]}}],"collection":[{"href":"https:\/\/emmevicoperture.it\/index.php?rest_route=\/wp\/v2\/pages"}],"about":[{"href":"https:\/\/emmevicoperture.it\/index.php?rest_route=\/wp\/v2\/types\/page"}],"author":[{"embeddable":true,"href":"https:\/\/emmevicoperture.it\/index.php?rest_route=\/wp\/v2\/users\/2"}],"replies":[{"embeddable":true,"href":"https:\/\/emmevicoperture.it\/index.php?rest_route=%2Fwp%2Fv2%2Fcomments&post=505"}],"version-history":[{"count":2,"href":"https:\/\/emmevicoperture.it\/index.php?rest_route=\/wp\/v2\/pages\/505\/revisions"}],"predecessor-version":[{"id":507,"href":"https:\/\/emmevicoperture.it\/index.php?rest_route=\/wp\/v2\/pages\/505\/revisions\/507"}],"wp:attachment":[{"href":"https:\/\/emmevicoperture.it\/index.php?rest_route=%2Fwp%2Fv2%2Fmedia&parent=505"}],"curies":[{"name":"wp","href":"https:\/\/api.w.org\/{rel}","templated":true}]}}